{"id":16970,"date":"2024-02-13T10:14:25","date_gmt":"2024-02-13T09:14:25","guid":{"rendered":"https:\/\/horribleguild.com\/us\/?post_type=product&#038;p=16970"},"modified":"2026-02-03T22:23:44","modified_gmt":"2026-02-03T21:23:44","slug":"potion-explosion-tonic-of-glacial-preservation","status":"publish","type":"product","link":"https:\/\/horribleguild.com\/us\/product\/potion-explosion-tonic-of-glacial-preservation\/","title":{"rendered":"Potion Explosion &#8211; Tonic of Glacial Preservation"},"content":{"rendered":"\t\t<div data-elementor-type=\"product-post\" data-elementor-id=\"16970\" class=\"elementor elementor-16970\" data-elementor-post-type=\"product\">\n\t\t\t\t\t\t<section class=\"elementor-section elementor-top-section elementor-element elementor-element-1444c8a elementor-section-boxed elementor-section-height-default elementor-section-height-default\" data-id=\"1444c8a\" data-element_type=\"section\" data-e-type=\"section\">\n\t\t\t\t\t\t<div class=\"elementor-container elementor-column-gap-default\">\n\t\t\t\t\t<div class=\"elementor-column elementor-col-33 elementor-top-column elementor-element elementor-element-3862d48\" data-id=\"3862d48\" data-element_type=\"column\" data-e-type=\"column\">\n\t\t\t<div class=\"elementor-widget-wrap elementor-element-populated\">\n\t\t\t\t\t\t<div class=\"elementor-element elementor-element-ea18606 elementor-widget elementor-widget-image\" data-id=\"ea18606\" data-element_type=\"widget\" data-e-type=\"widget\" data-widget_type=\"image.default\">\n\t\t\t\t<div class=\"elementor-widget-container\">\n\t\t\t\t\t\t\t\t\t\t\t\t\t\t\t<img fetchpriority=\"high\" decoding=\"async\" width=\"1000\" height=\"1000\" src=\"https:\/\/horribleguild.com\/us\/wp-content\/uploads\/2021\/05\/HG_WEB_Series-Logo_PEX.jpg\" class=\"attachment-large size-large wp-image-5061\" alt=\"Potion Explosion Series\" srcset=\"https:\/\/horribleguild.com\/us\/wp-content\/uploads\/2021\/05\/HG_WEB_Series-Logo_PEX.jpg 1000w, https:\/\/horribleguild.com\/us\/wp-content\/uploads\/2021\/05\/HG_WEB_Series-Logo_PEX-300x300.jpg 300w, https:\/\/horribleguild.com\/us\/wp-content\/uploads\/2021\/05\/HG_WEB_Series-Logo_PEX-150x150.jpg 150w, https:\/\/horribleguild.com\/us\/wp-content\/uploads\/2021\/05\/HG_WEB_Series-Logo_PEX-768x768.jpg 768w, https:\/\/horribleguild.com\/us\/wp-content\/uploads\/2021\/05\/HG_WEB_Series-Logo_PEX-270x270.jpg 270w, https:\/\/horribleguild.com\/us\/wp-content\/uploads\/2021\/05\/HG_WEB_Series-Logo_PEX-600x600.jpg 600w, https:\/\/horribleguild.com\/us\/wp-content\/uploads\/2021\/05\/HG_WEB_Series-Logo_PEX-100x100.jpg 100w\" sizes=\"(max-width: 1000px) 100vw, 1000px\" \/>\t\t\t\t\t\t\t\t\t\t\t\t\t\t\t<\/div>\n\t\t\t\t<\/div>\n\t\t\t\t\t<\/div>\n\t\t<\/div>\n\t\t\t\t<div class=\"elementor-column elementor-col-66 elementor-top-column elementor-element elementor-element-44189b4\" data-id=\"44189b4\" data-element_type=\"column\" data-e-type=\"column\">\n\t\t\t<div class=\"elementor-widget-wrap elementor-element-populated\">\n\t\t\t\t\t\t<div class=\"elementor-element elementor-element-d0d69d3 elementor-widget elementor-widget-text-editor\" data-id=\"d0d69d3\" data-element_type=\"widget\" data-e-type=\"widget\" data-widget_type=\"text-editor.default\">\n\t\t\t\t<div class=\"elementor-widget-container\">\n\t\t\t\t\t\t\t\t\t<p>Enjoy the rules of the <strong>Tonic of Glacial Preservation<\/strong>\u00a0for <a href=\"https:\/\/horribleguild.com\/eu\/product\/potion-explosion\/\" target=\"_blank\" rel=\"noopener\"><strong>Potion Explosion<\/strong><\/a>, and keep your Ingredients cool and safe with the refreshing power of ice!<\/p>\t\t\t\t\t\t\t\t<\/div>\n\t\t\t\t<\/div>\n\t\t\t\t<div class=\"elementor-element elementor-element-5332768 elementor-tabs-view-horizontal elementor-widget elementor-widget-tabs\" data-id=\"5332768\" data-element_type=\"widget\" data-e-type=\"widget\" data-widget_type=\"tabs.default\">\n\t\t\t\t<div class=\"elementor-widget-container\">\n\t\t\t\t\t\t\t<div class=\"elementor-tabs\">\n\t\t\t<div class=\"elementor-tabs-wrapper\" role=\"tablist\" >\n\t\t\t\t\t\t\t\t\t<div id=\"elementor-tab-title-8721\" class=\"elementor-tab-title elementor-tab-desktop-title\" aria-selected=\"true\" data-tab=\"1\" role=\"tab\" tabindex=\"0\" aria-controls=\"elementor-tab-content-8721\" aria-expanded=\"false\">ENGLISH<\/div>\n\t\t\t\t\t\t\t\t\t<div id=\"elementor-tab-title-8722\" class=\"elementor-tab-title elementor-tab-desktop-title\" aria-selected=\"false\" data-tab=\"2\" role=\"tab\" tabindex=\"-1\" aria-controls=\"elementor-tab-content-8722\" aria-expanded=\"false\">ITALIANO<\/div>\n\t\t\t\t\t\t\t\t\t<div id=\"elementor-tab-title-8723\" class=\"elementor-tab-title elementor-tab-desktop-title\" aria-selected=\"false\" data-tab=\"3\" role=\"tab\" tabindex=\"-1\" aria-controls=\"elementor-tab-content-8723\" aria-expanded=\"false\">DEUTSCH<\/div>\n\t\t\t\t\t\t\t\t\t<div id=\"elementor-tab-title-8724\" class=\"elementor-tab-title elementor-tab-desktop-title\" aria-selected=\"false\" data-tab=\"4\" role=\"tab\" tabindex=\"-1\" aria-controls=\"elementor-tab-content-8724\" aria-expanded=\"false\">FRAN\u00c7AIS<\/div>\n\t\t\t\t\t\t\t\t\t<div id=\"elementor-tab-title-8725\" class=\"elementor-tab-title elementor-tab-desktop-title\" aria-selected=\"false\" data-tab=\"5\" role=\"tab\" tabindex=\"-1\" aria-controls=\"elementor-tab-content-8725\" aria-expanded=\"false\">ESPA\u00d1OL<\/div>\n\t\t\t\t\t\t\t<\/div>\n\t\t\t<div class=\"elementor-tabs-content-wrapper\" role=\"tablist\" aria-orientation=\"vertical\">\n\t\t\t\t\t\t\t\t\t<div class=\"elementor-tab-title elementor-tab-mobile-title\" aria-selected=\"true\" data-tab=\"1\" role=\"tab\" tabindex=\"0\" aria-controls=\"elementor-tab-content-8721\" aria-expanded=\"false\">ENGLISH<\/div>\n\t\t\t\t\t<div id=\"elementor-tab-content-8721\" class=\"elementor-tab-content elementor-clearfix\" data-tab=\"1\" role=\"tabpanel\" aria-labelledby=\"elementor-tab-title-8721\" tabindex=\"0\" hidden=\"false\"><p>When you drink this Potion, place <strong>up to 2 Ingredients<\/strong> from your hand on any holes of its tile as temporary storage. You can store marbles this way even if there are empty holes of the same color(s) on the Potions brewing on your Desk. Ingredients stored here <strong>cannot be stolen<\/strong>. During your turn, you may freely take Ingredients from here back into your hand.<\/p><p><em>Magically frozen ingredients are best consumed by the end of the academic year.<\/em><\/p><\/div>\n\t\t\t\t\t\t\t\t\t<div class=\"elementor-tab-title elementor-tab-mobile-title\" aria-selected=\"false\" data-tab=\"2\" role=\"tab\" tabindex=\"-1\" aria-controls=\"elementor-tab-content-8722\" aria-expanded=\"false\">ITALIANO<\/div>\n\t\t\t\t\t<div id=\"elementor-tab-content-8722\" class=\"elementor-tab-content elementor-clearfix\" data-tab=\"2\" role=\"tabpanel\" aria-labelledby=\"elementor-tab-title-8722\" tabindex=\"0\" hidden=\"hidden\"><p>Quando bevi questa Pozione, puoi mettere <strong>fino a 2 Ingredienti<\/strong> dalla tua mano su qualsiasi buco di questa tessera come deposito temporaneo. Puoi depositare biglie in questo modo anche se ci sono buchi vuoti dello stesso colore sulle Pozioni in preparazione sul Banco. Gli Ingredienti conservati qui <strong>non possono essere rubati<\/strong>. Durante il tuo turno, puoi liberamente riprendere in mano gli Ingredienti conservati qui.<\/p><\/div>\n\t\t\t\t\t\t\t\t\t<div class=\"elementor-tab-title elementor-tab-mobile-title\" aria-selected=\"false\" data-tab=\"3\" role=\"tab\" tabindex=\"-1\" aria-controls=\"elementor-tab-content-8723\" aria-expanded=\"false\">DEUTSCH<\/div>\n\t\t\t\t\t<div id=\"elementor-tab-content-8723\" class=\"elementor-tab-content elementor-clearfix\" data-tab=\"3\" role=\"tabpanel\" aria-labelledby=\"elementor-tab-title-8723\" tabindex=\"0\" hidden=\"hidden\">Wenn du diesen Trankfl\u00e4schchen trinkst, legst du <strong>bis zu 2 Zutatenmurmeln<\/strong> aus deiner Hand auf beliebige L\u00f6cher seines Pl\u00e4ttchens als Zwischenlager. Du kannst Murmeln auf diese Weise aufbewahren, auch wenn es leere L\u00f6cher der gleichen Farbe(n) auf den Tr\u00e4nken gibt, die sich auf deinem Arbeitstisch zusammenbrauen. Die hier gelagerten Zutatenmurmeln <strong>k\u00f6nnen nicht gestohlen werden<\/strong>. W\u00e4hrend deines Zuges darfst du beliebig Zutatenmurmeln von hier zur\u00fcck auf deine Hand nehmen.<\/div>\n\t\t\t\t\t\t\t\t\t<div class=\"elementor-tab-title elementor-tab-mobile-title\" aria-selected=\"false\" data-tab=\"4\" role=\"tab\" tabindex=\"-1\" aria-controls=\"elementor-tab-content-8724\" aria-expanded=\"false\">FRAN\u00c7AIS<\/div>\n\t\t\t\t\t<div id=\"elementor-tab-content-8724\" class=\"elementor-tab-content elementor-clearfix\" data-tab=\"4\" role=\"tabpanel\" aria-labelledby=\"elementor-tab-title-8724\" tabindex=\"0\" hidden=\"hidden\"><p><span style=\"font-weight: 400;\">Lorsque vous buvez cette Potion, placez <strong>jusqu&#8217;\u00e0 2 Ingr\u00e9dients<\/strong> de votre main sur n&#8217;importe quel trou de cette tuile comme stockage temporaire. Vous pouvez stocker des billes de cette fa\u00e7on m\u00eame s&#8217;il y a des trous vides de la m\u00eame couleur sur les Potions en pr\u00e9paration sur votre Paillasse. Les Ingr\u00e9dients stock\u00e9s ici ne peuvent <strong>pas \u00eatre vol\u00e9s par les adversaires<\/strong>. Pendant votre tour, vous \u00eatez libre de reprendre en main les ingr\u00e9dient stock\u00e9s ici.<\/span><\/p><\/div>\n\t\t\t\t\t\t\t\t\t<div class=\"elementor-tab-title elementor-tab-mobile-title\" aria-selected=\"false\" data-tab=\"5\" role=\"tab\" tabindex=\"-1\" aria-controls=\"elementor-tab-content-8725\" aria-expanded=\"false\">ESPA\u00d1OL<\/div>\n\t\t\t\t\t<div id=\"elementor-tab-content-8725\" class=\"elementor-tab-content elementor-clearfix\" data-tab=\"5\" role=\"tabpanel\" aria-labelledby=\"elementor-tab-title-8725\" tabindex=\"0\" hidden=\"hidden\"><p><span style=\"font-weight: 400;\">Cuando bebas esta Poci\u00f3n, coloca <strong>hasta 2 Ingredientes<\/strong> de tu mano en cualquiera de los agujeros de su ficha como almacenamiento temporal. Puedes almacenar canicas de esta manera incluso si hay agujeros vac\u00edos del mismo color(es) en la elaboraci\u00f3n de Pociones de tu Pupitre. Los Ingredientes almacenados aqu\u00ed <strong>no pueden ser robados<\/strong>. Durante tu turno, puedes coger libremente Ingredientes de aqu\u00ed y devolverlos a tu mano.<\/span><\/p><\/div>\n\t\t\t\t\t\t\t<\/div>\n\t\t<\/div>\n\t\t\t\t\t\t<\/div>\n\t\t\t\t<\/div>\n\t\t\t\t\t<\/div>\n\t\t<\/div>\n\t\t\t\t\t<\/div>\n\t\t<\/section>\n\t\t\t\t<section class=\"elementor-section elementor-top-section elementor-element elementor-element-ee20dba elementor-section-boxed elementor-section-height-default elementor-section-height-default\" data-id=\"ee20dba\" data-element_type=\"section\" data-e-type=\"section\">\n\t\t\t\t\t\t<div class=\"elementor-container elementor-column-gap-default\">\n\t\t\t\t\t<div class=\"elementor-column elementor-col-100 elementor-top-column elementor-element elementor-element-dc115f2\" data-id=\"dc115f2\" data-element_type=\"column\" data-e-type=\"column\">\n\t\t\t<div class=\"elementor-widget-wrap elementor-element-populated\">\n\t\t\t\t\t\t<div class=\"elementor-element elementor-element-f8ec859 elementor-widget-divider--view-line_icon elementor-view-default elementor-widget-divider--element-align-center elementor-widget elementor-widget-divider\" data-id=\"f8ec859\" data-element_type=\"widget\" data-e-type=\"widget\" data-widget_type=\"divider.default\">\n\t\t\t\t<div class=\"elementor-widget-container\">\n\t\t\t\t\t\t\t<div class=\"elementor-divider\">\n\t\t\t<span class=\"elementor-divider-separator\">\n\t\t\t\t\t\t\t<div class=\"elementor-icon elementor-divider__element\">\n\t\t\t\t\t<svg aria-hidden=\"true\" class=\"e-font-icon-svg e-fas-flask\" viewBox=\"0 0 448 512\" xmlns=\"http:\/\/www.w3.org\/2000\/svg\"><path d=\"M437.2 403.5L320 215V64h8c13.3 0 24-10.7 24-24V24c0-13.3-10.7-24-24-24H120c-13.3 0-24 10.7-24 24v16c0 13.3 10.7 24 24 24h8v151L10.8 403.5C-18.5 450.6 15.3 512 70.9 512h306.2c55.7 0 89.4-61.5 60.1-108.5zM137.9 320l48.2-77.6c3.7-5.2 5.8-11.6 5.8-18.4V64h64v160c0 6.9 2.2 13.2 5.8 18.4l48.2 77.6h-172z\"><\/path><\/svg><\/div>\n\t\t\t\t\t\t<\/span>\n\t\t<\/div>\n\t\t\t\t\t\t<\/div>\n\t\t\t\t<\/div>\n\t\t\t\t\t<\/div>\n\t\t<\/div>\n\t\t\t\t\t<\/div>\n\t\t<\/section>\n\t\t\t\t<section class=\"elementor-section elementor-top-section elementor-element elementor-element-34bb534 elementor-section-content-middle elementor-section-boxed elementor-section-height-default elementor-section-height-default\" data-id=\"34bb534\" data-element_type=\"section\" data-e-type=\"section\">\n\t\t\t\t\t\t<div class=\"elementor-container elementor-column-gap-default\">\n\t\t\t\t\t<div class=\"elementor-column elementor-col-66 elementor-top-column elementor-element elementor-element-ef264c9\" data-id=\"ef264c9\" data-element_type=\"column\" data-e-type=\"column\">\n\t\t\t<div class=\"elementor-widget-wrap elementor-element-populated\">\n\t\t\t\t\t\t<div class=\"elementor-element elementor-element-803fe28 elementor-widget elementor-widget-text-editor\" data-id=\"803fe28\" data-element_type=\"widget\" data-e-type=\"widget\" data-widget_type=\"text-editor.default\">\n\t\t\t\t<div class=\"elementor-widget-container\">\n\t\t\t\t\t\t\t\t\t<p>In&nbsp;<strong>Potion Explosion\u2122<\/strong>&nbsp;2 to 4 players are students attending the final exams of the Potions class! They need to complete their potions using the marbles they collect, drink them to unleash their magical power, and ultimately win the Student of the Year award!<\/p>\n<p>Take an ingredient marble from the dispenser and connect marbles of the same color to take them too! Use the ingredients you collect to complete your potions and score points, then drink them to unleash their magical power&#8230;<\/p>\n<p>Collect as many Skill tokens as you can, because when the game ends the player with the most points will be the winner!<\/p>\t\t\t\t\t\t\t\t<\/div>\n\t\t\t\t<\/div>\n\t\t\t\t\t<\/div>\n\t\t<\/div>\n\t\t\t\t<div class=\"elementor-column elementor-col-33 elementor-top-column elementor-element elementor-element-47a17b3\" data-id=\"47a17b3\" data-element_type=\"column\" data-e-type=\"column\">\n\t\t\t<div class=\"elementor-widget-wrap elementor-element-populated\">\n\t\t\t\t\t\t<div class=\"elementor-element elementor-element-dc6546e elementor-widget elementor-widget-image\" data-id=\"dc6546e\" data-element_type=\"widget\" data-e-type=\"widget\" data-widget_type=\"image.default\">\n\t\t\t\t<div class=\"elementor-widget-container\">\n\t\t\t\t\t\t\t\t\t\t\t\t\t\t\t<img decoding=\"async\" width=\"1024\" height=\"683\" src=\"https:\/\/horribleguild.com\/us\/wp-content\/uploads\/2021\/07\/PEX_WEB_Product-Series-1024x683.jpg\" class=\"attachment-large size-large wp-image-4203\" alt=\"Potion Explosion Product Series image\" srcset=\"https:\/\/horribleguild.com\/us\/wp-content\/uploads\/2021\/07\/PEX_WEB_Product-Series-1024x683.jpg 1024w, https:\/\/horribleguild.com\/us\/wp-content\/uploads\/2021\/07\/PEX_WEB_Product-Series-300x200.jpg 300w, https:\/\/horribleguild.com\/us\/wp-content\/uploads\/2021\/07\/PEX_WEB_Product-Series-768x512.jpg 768w, https:\/\/horribleguild.com\/us\/wp-content\/uploads\/2021\/07\/PEX_WEB_Product-Series-600x400.jpg 600w, https:\/\/horribleguild.com\/us\/wp-content\/uploads\/2021\/07\/PEX_WEB_Product-Series.jpg 1200w\" sizes=\"(max-width: 1024px) 100vw, 1024px\" \/>\t\t\t\t\t\t\t\t\t\t\t\t\t\t\t<\/div>\n\t\t\t\t<\/div>\n\t\t\t\t\t<\/div>\n\t\t<\/div>\n\t\t\t\t\t<\/div>\n\t\t<\/section>\n\t\t\t\t<section class=\"elementor-section elementor-top-section elementor-element elementor-element-36eabfc elementor-section-boxed elementor-section-height-default elementor-section-height-default\" data-id=\"36eabfc\" data-element_type=\"section\" data-e-type=\"section\">\n\t\t\t\t\t\t<div class=\"elementor-container elementor-column-gap-default\">\n\t\t\t\t\t<div class=\"elementor-column elementor-col-100 elementor-top-column elementor-element elementor-element-1d2d03a\" data-id=\"1d2d03a\" data-element_type=\"column\" data-e-type=\"column\">\n\t\t\t<div class=\"elementor-widget-wrap elementor-element-populated\">\n\t\t\t\t\t\t<div class=\"elementor-element elementor-element-3c52482 elementor-button-success elementor-align-center elementor-widget elementor-widget-button\" data-id=\"3c52482\" data-element_type=\"widget\" data-e-type=\"widget\" data-widget_type=\"button.default\">\n\t\t\t\t<div class=\"elementor-widget-container\">\n\t\t\t\t\t\t\t\t\t<div class=\"elementor-button-wrapper\">\n\t\t\t\t\t<a class=\"elementor-button elementor-button-link elementor-size-sm\" href=\"https:\/\/horribleguild.com\/us\/\/product\/potion-explosion\/\">\n\t\t\t\t\t\t<span class=\"elementor-button-content-wrapper\">\n\t\t\t\t\t\t<span class=\"elementor-button-icon\">\n\t\t\t\t<svg aria-hidden=\"true\" class=\"e-font-icon-svg e-fas-vial\" viewBox=\"0 0 480 512\" xmlns=\"http:\/\/www.w3.org\/2000\/svg\"><path d=\"M477.7 186.1L309.5 18.3c-3.1-3.1-8.2-3.1-11.3 0l-34 33.9c-3.1 3.1-3.1 8.2 0 11.3l11.2 11.1L33 316.5c-38.8 38.7-45.1 102-9.4 143.5 20.6 24 49.5 36 78.4 35.9 26.4 0 52.8-10 72.9-30.1l246.3-245.7 11.2 11.1c3.1 3.1 8.2 3.1 11.3 0l34-33.9c3.1-3 3.1-8.1 0-11.2zM318 256H161l148-147.7 78.5 78.3L318 256z\"><\/path><\/svg>\t\t\t<\/span>\n\t\t\t\t\t\t\t\t\t<span class=\"elementor-button-text\">Discover the Game!<\/span>\n\t\t\t\t\t<\/span>\n\t\t\t\t\t<\/a>\n\t\t\t\t<\/div>\n\t\t\t\t\t\t\t\t<\/div>\n\t\t\t\t<\/div>\n\t\t\t\t\t<\/div>\n\t\t<\/div>\n\t\t\t\t\t<\/div>\n\t\t<\/section>\n\t\t\t\t<\/div>\n\t\t","protected":false},"excerpt":{"rendered":"<p class=\"p1\">Keep your Ingredients cool and safe with the refreshing power of ice! The <strong>Tonic of Glacial Preservation<\/strong> will allow you to place up to 2 marbles from your hand on any holes of its tile as temporary storage, for a later use!<\/p>\n<p class=\"p1\">Mix the <strong>eight bottles set<\/strong> to the components of the Potion Explosion\u2122 base game and take on a new challenge!<\/p>\n<p><a href=\"https:\/\/horribleguild.com\/product\/potion-explosion\/\"><img decoding=\"async\" class=\"wp-image-3080 size-thumbnail alignleft\" src=\"https:\/\/horribleguild.com\/wp-content\/uploads\/2021\/05\/PEX_WEB_Core_Box3D-150x150.png\" alt=\"Potion Explosion\" width=\"150\" height=\"150\" srcset=\"https:\/\/horribleguild.com\/us\/wp-content\/uploads\/2021\/05\/PEX_WEB_Core_Box3D-150x150.png 150w, https:\/\/horribleguild.com\/us\/wp-content\/uploads\/2021\/05\/PEX_WEB_Core_Box3D-300x300.png 300w, https:\/\/horribleguild.com\/us\/wp-content\/uploads\/2021\/05\/PEX_WEB_Core_Box3D-768x768.png 768w, https:\/\/horribleguild.com\/us\/wp-content\/uploads\/2021\/05\/PEX_WEB_Core_Box3D-270x270.png 270w, https:\/\/horribleguild.com\/us\/wp-content\/uploads\/2021\/05\/PEX_WEB_Core_Box3D-600x600.png 600w, https:\/\/horribleguild.com\/us\/wp-content\/uploads\/2021\/05\/PEX_WEB_Core_Box3D-100x100.png 100w, https:\/\/horribleguild.com\/us\/wp-content\/uploads\/2021\/05\/PEX_WEB_Core_Box3D.png 800w\" sizes=\"(max-width: 150px) 100vw, 150px\" \/><\/a><\/p>\n<p>&nbsp;<\/p>\n<p><em>This is an <strong>add-on<\/strong>\u00a0for Potion Explosion!<br \/>\nCore game is required to use it.<\/em><\/p>\n<p>&nbsp;<\/p>\n<hr \/>\n","protected":false},"featured_media":16971,"template":"","meta":[],"product_brand":[],"product_cat":[52,59],"product_tag":[82,86,97],"class_list":{"0":"post-16970","1":"product","2":"type-product","3":"status-publish","4":"has-post-thumbnail","6":"product_cat-board-games","7":"product_cat-potion-explosion","8":"product_tag-board-games","9":"product_tag-potion-explosion","10":"product_tag-potion-explosion-promo","11":"entry","12":"has-media","14":"first","15":"outofstock","16":"shipping-taxable","17":"purchasable","18":"product-type-simple","19":"col","20":"span_1_of_3","21":"wvn-content-center","22":"wvn-thumbs-layout-horizontal","23":"wvn-btn-normal","24":"wvn-tabs-layout-horizontal","25":"has-no-thumbnails"},"bundled_by":["16974","16977","16339","16343","28140","28145"],"bundle_stock_status":"outofstock","bundle_stock_quantity":0,"bundle_virtual":false,"bundle_layout":"","bundle_add_to_cart_form_location":"","bundle_editable_in_cart":false,"bundle_sold_individually_context":"","bundle_item_grouping":"","bundle_min_size":"","bundle_max_size":"","bundle_price":[],"bundled_items":[],"bundle_sell_ids":[],"_links":{"self":[{"href":"https:\/\/horribleguild.com\/us\/wp-json\/wp\/v2\/product\/16970","targetHints":{"allow":["GET"]}}],"collection":[{"href":"https:\/\/horribleguild.com\/us\/wp-json\/wp\/v2\/product"}],"about":[{"href":"https:\/\/horribleguild.com\/us\/wp-json\/wp\/v2\/types\/product"}],"version-history":[{"count":3,"href":"https:\/\/horribleguild.com\/us\/wp-json\/wp\/v2\/product\/16970\/revisions"}],"predecessor-version":[{"id":28774,"href":"https:\/\/horribleguild.com\/us\/wp-json\/wp\/v2\/product\/16970\/revisions\/28774"}],"wp:featuredmedia":[{"embeddable":true,"href":"https:\/\/horribleguild.com\/us\/wp-json\/wp\/v2\/media\/16971"}],"wp:attachment":[{"href":"https:\/\/horribleguild.com\/us\/wp-json\/wp\/v2\/media?parent=16970"}],"wp:term":[{"taxonomy":"product_brand","embeddable":true,"href":"https:\/\/horribleguild.com\/us\/wp-json\/wp\/v2\/product_brand?post=16970"},{"taxonomy":"product_cat","embeddable":true,"href":"https:\/\/horribleguild.com\/us\/wp-json\/wp\/v2\/product_cat?post=16970"},{"taxonomy":"product_tag","embeddable":true,"href":"https:\/\/horribleguild.com\/us\/wp-json\/wp\/v2\/product_tag?post=16970"}],"curies":[{"name":"wp","href":"https:\/\/api.w.org\/{rel}","templated":true}]}}